{"id":3,"date":"2020-11-12T18:52:00","date_gmt":"2020-11-12T18:52:00","guid":{"rendered":"https:\/\/serinar.es\/purificacion\/?page_id=3"},"modified":"2021-03-02T01:35:04","modified_gmt":"2021-03-02T01:35:04","slug":"politica-privacidad","status":"publish","type":"page","link":"https:\/\/serinar.es\/purificacion\/politica-privacidad\/","title":{"rendered":"Pol\u00edtica de privacidad"},"content":{"rendered":"\t\t<div data-elementor-type=\"wp-page\" data-elementor-id=\"3\" class=\"elementor elementor-3\" data-elementor-settings=\"[]\">\n\t\t\t\t\t\t<div class=\"elementor-inner\">\n\t\t\t\t\t\t\t<div class=\"elementor-section-wrap\">\n\t\t\t\t\t\t\t<section class=\"elementor-section elementor-top-section elementor-element elementor-element-103ea618 elementor-section-boxed elementor-section-height-default elementor-section-height-default\" data-id=\"103ea618\" data-element_type=\"section\">\n\t\t\t\t\t\t<div class=\"elementor-container elementor-column-gap-default\">\n\t\t\t\t\t\t\t<div class=\"elementor-row\">\n\t\t\t\t\t<div class=\"elementor-column elementor-col-100 elementor-top-column elementor-element elementor-element-172d623\" data-id=\"172d623\" data-element_type=\"column\">\n\t\t\t<div class=\"elementor-column-wrap elementor-element-populated\">\n\t\t\t\t\t\t\t<div class=\"elementor-widget-wrap\">\n\t\t\t\t\t\t<div class=\"elementor-element elementor-element-fc51147 elementor-widget elementor-widget-text-editor\" data-id=\"fc51147\" data-element_type=\"widget\" data-widget_type=\"text-editor.default\">\n\t\t\t\t<div class=\"elementor-widget-container\">\n\t\t\t\t\t<div class=\"elementor-text-editor elementor-clearfix\"><p><!-- wp:paragraph {\"align\":\"left\"} --><\/p>\n<p class=\"has-text-align-left\">En virtud de las obligaciones establecidas por la Ley 34\/2002, de Servicios de la Sociedad de la Informaci\u00f3n y de Comercio Electr\u00f3nico y de la normativa vigente en materia de protecci\u00f3n de datos, en especial la Ley Org\u00e1nica 3\/2018, de 5 de diciembre, de Protecci\u00f3n de Datos Personales y Garant\u00eda de Derechos Digitales, se informa que el presente sitio web es propiedad del prestador del servicio, Parafarmacia Alba S.L., con CIF B62138714 y con domicilio a efectos de notificaciones en calle Lope De Vega, 52, Plt Bj. 08005, Barcelona (Espa\u00f1a).<\/p>\n<p><!-- \/wp:paragraph --><\/p>\n<p><!-- wp:paragraph {\"fontSize\":\"medium\"} --><\/p>\n<p class=\"has-medium-font-size\"><strong>Responsable de Tratamiento de Datos Personales:<\/strong><\/p>\n<p><!-- \/wp:paragraph --><\/p>\n<p><!-- wp:paragraph --><\/p>\n<p>Parafarmacia Alba S.L., con CIF B62138714 y con domicilio a efectos de notificaciones en calle Lope De Vega, 52, Plt Bj. 08005, Barcelona (Espa\u00f1a).<br \/>Correo electr\u00f3nico:\u00a0<a href=\"mailto:ompbm@hotmail.es\" target=\"_blank\" rel=\"noreferrer noopener\">ompbm@hotmail.es<\/a>.<\/p>\n<p><!-- \/wp:paragraph --><\/p>\n<p><!-- wp:paragraph {\"fontSize\":\"medium\"} --><\/p>\n<p class=\"has-medium-font-size\"><strong>Finalidad y legitimaci\u00f3n del tratamiento<\/strong><\/p>\n<p><!-- \/wp:paragraph --><\/p>\n<p><!-- wp:list {\"ordered\":true,\"type\":\"1\"} --><\/p>\n<ol type=\"1\">\n<li>Comentarios. Cuando los visitantes dejan comentarios en la web, recopilamos los datos que se muestran en el formulario de comentarios, as\u00ed como la direcci\u00f3n IP del visitante y la cadena de agentes de usuario del navegador para ayudar a la detecci\u00f3n de spam. Una cadena an\u00f3nima creada a partir de tu direcci\u00f3n de correo electr\u00f3nico (tambi\u00e9n llamada hash) puede ser proporcionada al servicio de Gravatar para ver si la est\u00e1s usando. La pol\u00edtica de privacidad del servicio Gravatar est\u00e1 disponible aqu\u00ed: https:\/\/automattic.com\/privacy\/. Despu\u00e9s de la aprobaci\u00f3n de tu comentario, la imagen de tu perfil es visible para el p\u00fablico en el contexto de tu comentario.<\/li>\n<li>Gesti\u00f3n de pedidos, consultas, quejas\/incidencias reclamaciones y solicitudes realizadas por parte del usuario. Parafarmacia Alba realizar\u00e1 aquellos tratamientos de datos necesarios para la atenci\u00f3n de la solicitud requerida por parte del usuario. De esta forma, trataremos datos como su nombre, apellidos, e-mail, tel\u00e9fono, provincia, c\u00f3digo postal, as\u00ed como la informaci\u00f3n relativa a si el usuario es cliente o no.<\/li>\n<li>Control inform\u00e1tico de la p\u00e1gina web. Se realizar\u00e1n aquellas actuaciones de vigilancia y control del uso de la p\u00e1gina web con el fin de prevenir y detectar cualquier utilizaci\u00f3n fraudulenta (como manipulaciones t\u00e9cnicas, modificaciones de c\u00f3digo\u2026), con el fin de evitar, prevenir y\/o detectar cualquier acceso no autorizado, alteraci\u00f3n o p\u00e9rdida de aquella informaci\u00f3n relativa a terceras personas diferentes al usuario que pueda generar para Parafarmacia Alba S.L. responsabilidades civiles, penales y\/o administrativas.<\/li>\n<li>Tratamiento de datos de cookies: La informaci\u00f3n relativa a la pol\u00edtica de cookies se localiza en el apartado: \u00a0pol\u00edtica de cookies.\u00a0<\/li>\n<\/ol>\n<p>La base legal que legitima estos tratamientos es el consentimiento del usuario, otorgado a trav\u00e9s de los formularios habilitados en la web para el env\u00edo de comunicaciones.<\/p>\n<p><!-- \/wp:list --><\/p>\n<p><!-- wp:paragraph {\"fontSize\":\"medium\"} --><\/p>\n<p class=\"has-medium-font-size\"><strong>Tiempo de conservaci\u00f3n de los datos<\/strong><\/p>\n<p><!-- \/wp:paragraph --><\/p>\n<p><!-- wp:paragraph --><\/p>\n<p>Parafarmacia Alba S.L. tratar\u00e1 sus datos durante el tiempo necesario para la atenci\u00f3n de la solicitud requerida por el usuario y\/o cliente. En este sentido mantendremos bloqueados sus datos personales durante el plazo de prescripci\u00f3n de las acciones que pudieran derivarse de la relaci\u00f3n mantenida con el interesado o para la atenci\u00f3n de requerimientos de autoridades.<\/p>\n<p><!-- \/wp:paragraph --><\/p>\n<p><!-- wp:paragraph --><\/p>\n<p>En cumplimiento de lo establecido en la Ley Org\u00e1nica 3\/2018, de 5 de diciembre, de Protecci\u00f3n de Datos Personales y Garant\u00eda de Derechos Digitales, el prestador del servicio, como Responsable de Tratamiento, se compromete a guardar la m\u00e1s estricta confidencialidad sobre las informaciones y\/o documentaci\u00f3n a la que tenga acceso en el desempe\u00f1o de sus funciones.<\/p>\n<p><!-- \/wp:paragraph --><\/p>\n<p><!-- wp:paragraph --><\/p>\n<p>Igualmente, el prestador del servicio tampoco podr\u00e1 divulgar o poner en conocimiento de terceros la mencionada informaci\u00f3n sin el previo consentimiento del afectado por escrito.<\/p>\n<p><!-- \/wp:paragraph --><\/p>\n<p><!-- wp:paragraph {\"fontSize\":\"medium\"} --><\/p>\n<p class=\"has-medium-font-size\"><strong>\u00bfA qui\u00e9nes comunicaremos tus datos?<\/strong><\/p>\n<p><!-- \/wp:paragraph --><\/p>\n<p><!-- wp:paragraph --><\/p>\n<p>No se ceder\u00e1n datos a terceros, salvo requerimiento por parte de organismos p\u00fablicos.<br \/>Para poder gestionar debidamente el servicio prestado y los datos personales de sus usuarios, Parafarmacia Alba podr\u00e1 contar con la colaboraci\u00f3n de terceros proveedores de servicios que pueden tener acceso a sus datos personales y que tratar\u00e1n los referidos datos en nombre y por cuenta de Parafarmacia Alba como consecuencia de su prestaci\u00f3n de servicios. Parafarmacia Alba se compromete a suscribir con ellos el correspondiente contrato de encargado de tratamiento de datos, mediante el cual les impondr\u00e1, entre otras, las siguientes obligaciones: aplicar medidas t\u00e9cnicas y organizativas apropiadas; tratar los datos personales para las finalidades pactadas y atendiendo \u00fanicamente a las instrucciones documentadas de Parafarmacia Alba; y suprimir o devolver los datos a Parafarmacia Alba una vez finalice la prestaci\u00f3n de los servicios.<\/p>\n<p><!-- \/wp:paragraph --><\/p>\n<p><!-- wp:paragraph {\"fontSize\":\"medium\"} --><\/p>\n<p class=\"has-medium-font-size\"><strong>\u00bfCu\u00e1les son los derechos del Usuario cuando nos facilita sus datos personales?<\/strong><\/p>\n<p><!-- \/wp:paragraph --><\/p>\n<p><!-- wp:paragraph --><\/p>\n<p>El Usuario tiene derecho a obtener confirmaci\u00f3n sobre si Parafarmacia Alba trata datos personales que le conciernen, as\u00ed como a acceder a sus datos personales, solicitar la rectificaci\u00f3n de los datos inexactos o, en su caso, solicitar su supresi\u00f3n cuando, entre otros motivos, los datos ya no sean necesarios para los fines que fueron recogidos.<br \/>En determinadas circunstancias, el Usuario podr\u00e1 solicitar la limitaci\u00f3n del tratamiento de sus datos, en cuyo caso \u00fanicamente se conservar\u00e1n para el ejercicio o la defensa de reclamaciones.<br \/>En determinadas circunstancias y por motivos relacionados con su situaci\u00f3n particular, el Usuario podr\u00e1 oponerse al tratamiento de sus datos. Parafarmacia Alba cesar\u00e1 en el tratamiento de los datos, salvo por motivos legales o el ejercicio o la defensa de posibles reclamaciones.<br \/>El Usuario podr\u00e1 ejercer el derecho a la portabilidad de sus datos, en un formato estructurado, de uso com\u00fan y lectura mec\u00e1nica, y a transmitirlos a otro responsable del tratamiento. Dicha acci\u00f3n podr\u00eda conllevar un canon razonable a abonar por el Usuario, en funci\u00f3n de los costes administrativos afrontados para satisfacer la solicitud, de conformidad con la normativa.<br \/>El Usuario podr\u00e1 plantear las cuestiones que considere en relaci\u00f3n a la presente Pol\u00edtica as\u00ed como ejercer sus derechos en los t\u00e9rminos legalmente previstos debiendo para ello dirigir una comunicaci\u00f3n mediante correo electr\u00f3nico o postal al Responsable de Tratamiento con indicaci\u00f3n de la solicitud correspondiente y acompa\u00f1ado de copia del DNI o documento acreditativo de la identidad.<br \/>En caso de no obtener satisfacci\u00f3n en el ejercicio de sus derechos, podr\u00e1 presentar una reclamaci\u00f3n ante la Agencia Espa\u00f1ola de Protecci\u00f3n de Datos (Autoridad de Control competente en esta materia).<\/p>\n<p><!-- \/wp:paragraph --><\/p>\n<p><!-- wp:paragraph {\"fontSize\":\"medium\"} --><\/p>\n<p class=\"has-medium-font-size\"><strong>Aceptaci\u00f3n de condiciones de uso de https:\/\/serinar.es\/purificacion y sus modificaciones<\/strong><\/p>\n<p><!-- \/wp:paragraph --><\/p>\n<p><!-- wp:paragraph --><\/p>\n<p>EL CLIENTE declara conocer y acepta \u00edntegramente, mediante la aceptaci\u00f3n del presente contrato, las condiciones generales de\u00a0<a href=\"https:\/\/serinar.es\/purificacion\">https:\/\/serinar.es\/purificacion<\/a> aceptando tambi\u00e9n sus posibles actualizaciones, mediante la simple notificaci\u00f3n por escrito o por correo electr\u00f3nico remitidos por el prestador del servicio.<br \/>El prestador de servicios podr\u00e1, por razones t\u00e9cnicas, econ\u00f3micas o de otra \u00edndole, alterar las citadas condiciones generales; as\u00ed como la mec\u00e1nica operativa de\u00a0<a href=\"https:\/\/serinar.es\/purificacion\">https:\/\/serinar.es\/purificacion<\/a> o las condiciones de utilizaci\u00f3n de la web\u00a0<a href=\"https:\/\/serinar.es\/purificacion\">https:\/\/serinar.es\/purificacion<\/a>. El prestador del servicio comunicar\u00e1 con antelaci\u00f3n suficiente cualquier modificaci\u00f3n en las condiciones generales que puedan afectar tanto de forma directa como indirecta las estipulaciones del presente acuerdo.<\/p>\n<p><!-- \/wp:paragraph --><\/p>\n<p><!-- wp:paragraph {\"fontSize\":\"medium\"} --><\/p>\n<p class=\"has-medium-font-size\"><strong>Legislaci\u00f3n aplicable y jurisdicci\u00f3n competente<\/strong><\/p>\n<p><!-- \/wp:paragraph --><\/p>\n<p><!-- wp:paragraph --><\/p>\n<p>La legislaci\u00f3n aplicable para a dirimir cualquier cuesti\u00f3n relativa a la aplicaci\u00f3n e interpretaci\u00f3n del presente Acuerdo ser\u00e1 la Espa\u00f1ola.<\/p>\n<p><!-- \/wp:paragraph --><\/p>\n<p><!-- wp:paragraph --><\/p>\n<p>En caso de que alguna de las cl\u00e1usulas del presente acuerdo fuera declarada inv\u00e1lida o quedase obsoleta, el resto continuar\u00e1 teniendo efecto y permanecer\u00e1n vigentes. En ese caso la cl\u00e1usula inv\u00e1lida se reemplazar\u00e1 por otra similar que mantenga el objetivo de la original. EL CLIENTE se somete voluntariamente renunciando de forma expresa a su propio fuero si lo tuviera, a la jurisdicci\u00f3n exclusiva de los Juzgados y Tribunales de Barcelona.<\/p>\n<p><!-- \/wp:paragraph --><\/p>\n<p><!-- wp:paragraph {\"fontSize\":\"medium\"} --><\/p>\n<p class=\"has-medium-font-size\"><strong>Informaci\u00f3n corporativa y actividad<\/strong><\/p>\n<p><!-- \/wp:paragraph --><\/p>\n<p><!-- wp:paragraph --><\/p>\n<p>En virtud de las obligaciones establecidas por la Ley 34\/2002, de Servicios de la Sociedad de la Informaci\u00f3n y de Comercio Electr\u00f3nico el presente sitio web es propiedad del prestador del servicio, Parafarmacia Alba S.L., con CIF B62138714 y con domicilio a efectos de notificaciones en calle Lope De Vega, 52, Plt Bj. 08005, Barcelona (Espa\u00f1a).<\/p>\n<p><!-- \/wp:paragraph --><\/p>\n<p><!-- wp:paragraph --><\/p>\n<p>El tel\u00e9fono de contacto es 933070186 y la direcci\u00f3n electr\u00f3nica de contacto es\u00a0<a href=\"mailto:ompbm@hotmail.es\" target=\"_blank\" rel=\"noreferrer noopener\">ompbm@hotmail.es<\/a>.<\/p>\n<p><!-- \/wp:paragraph --><\/p>\n<p><!-- wp:paragraph {\"fontSize\":\"medium\"} --><\/p>\n<p class=\"has-medium-font-size\"><strong>Protecci\u00f3n de contenidos<\/strong><\/p>\n<p><!-- \/wp:paragraph --><\/p>\n<p><!-- wp:paragraph --><\/p>\n<p>El usuario reconoce y acepta que todos los derechos de propiedad industrial e intelectual sobre los contenidos y\/o cualesquiera otros elementos insertados por el prestador del servicio en el presente Sitio Web (incluyendo, a t\u00edtulo meramente enunciativo y no limitativo, todos aquellos elementos que conforman la apariencia visual, imagen gr\u00e1fica y otros est\u00edmulos sensoriales del sitio web o \u201clook and feel\u201d: marcas, logotipos, nombres comerciales, textos, im\u00e1genes, gr\u00e1ficos, dise\u00f1os, sonidos, bases de datos, software, diagramas de flujo, presentaci\u00f3n, arquitectura de navegaci\u00f3n, as\u00ed como los c\u00f3digos fuente de las p\u00e1ginas web) pertenecen al prestador del servicio y\/o a terceros a los cuales les han cedido sus derechos. A tales efectos, se entender\u00e1 como Sitio Web todas aquellas creaciones incorporadas y expresadas por el prestador del servicio por cualquier medio y\/o soporte tangible o intangible, conocido o por conocer, que sean objeto de protecci\u00f3n por las disposiciones de las normativas vigentes en materia de propiedad intelectual e industrial.<br \/>En ning\u00fan caso el acceso al Sitio Web implica alg\u00fan tipo de permiso, renuncia, transmisi\u00f3n, licencia o cesi\u00f3n total ni parcial de dichos derechos por parte de sus titulares, salvo que se establezca expresamente lo contrario. Los presentes t\u00e9rminos y condiciones de uso del Sitio Web no confieren a los USUARIOS ning\u00fan otro derecho de utilizaci\u00f3n, alteraci\u00f3n, explotaci\u00f3n, reproducci\u00f3n, distribuci\u00f3n o comunicaci\u00f3n p\u00fablica del Sitio Web y\/o de sus contenidos distintos de los aqu\u00ed expresamente previstos.<br \/>Queda terminantemente prohibida la utilizaci\u00f3n de tales elementos, su total o parcial reproducci\u00f3n, comunicaci\u00f3n y\/o distribuci\u00f3n con fines comerciales o lucrativos, as\u00ed como su modificaci\u00f3n, alteraci\u00f3n, descompilaci\u00f3n y\/o cualquier otro acto de explotaci\u00f3n del Sitio Web.<br \/>Sin perjuicio de todo lo anterior, si el Usuario o un tercero estima que alg\u00fan contenido del Sitio Web pudiera vulnerar derechos de propiedad intelectual e industrial, rogamos as\u00ed lo pongan en nuestro conocimiento a la mayor brevedad posible, remitiendo un correo electr\u00f3nico a la direcci\u00f3n\u00a0<a href=\"mailto:ompbm@hotmail.es\" target=\"_blank\" rel=\"noreferrer noopener\">ompbm@hotmail.es<\/a>.<\/p>\n<p><!-- \/wp:paragraph --><\/p>\n<p><!-- wp:paragraph {\"fontSize\":\"medium\"} --><\/p>\n<p class=\"has-medium-font-size\"><strong>Acceso y uso del sitio web<\/strong><\/p>\n<p><!-- \/wp:paragraph --><\/p>\n<p><!-- wp:paragraph --><\/p>\n<p>Tanto el acceso al Sitio Web como el uso no consentido que pueda efectuarse de la informaci\u00f3n contenida en el mismo es de la exclusiva responsabilidad de quien lo realiza.<br \/>El usuario se compromete a utilizar los contenidos, informaci\u00f3n y datos del Sitio Web de conformidad con las presentes condiciones, t\u00e9rminos y pol\u00edticas, con la normativa de aplicaci\u00f3n y con las buenas costumbres generalmente aceptadas y el orden p\u00fablico.<\/p>\n<p><!-- \/wp:paragraph --><\/p>\n<p><!-- wp:paragraph --><\/p>\n<p>El usuario se obliga a abstenerse de utilizar los contenidos del Sitio Web con fines o efectos il\u00edcitos, prohibidos o contrarios a los aqu\u00ed establecidos, lesivos de los derechos e intereses de del prestador de servicios, de los dem\u00e1s usuarios, de terceros o que de cualquier forma puedan da\u00f1ar, inutilizar, sobrecargar o deteriorar el presente Sitio Web o impedir la normal utilizaci\u00f3n o disfrute del mismo por parte de los usuarios.<br \/>El prestador del servicio no responder\u00e1 de ninguna consecuencia, da\u00f1o o perjuicio que pudiera derivarse de dicho acceso o uso o del incumplimiento de las presentes condiciones, t\u00e9rminos y pol\u00edticas ni se har\u00e1 responsable de los errores de seguridad que se puedan producir ni de los da\u00f1os que puedan causarse al sistema inform\u00e1tico del usuario (hardware y software) o a los ficheros o documentos almacenados en el mismo como consecuencia de: (i) la presencia de un virus en el ordenador del usuario que sea utilizado para la conexi\u00f3n a los servicios y\/o productos ofrecidos por el prestador del servicio a trav\u00e9s de su Sitio Web; (ii) un mal funcionamiento del navegador; (iii) el uso de versiones no actualizadas del mismo.<\/p>\n<p><!-- \/wp:paragraph --><\/p>\n<p><!-- wp:paragraph {\"fontSize\":\"medium\"} --><\/p>\n<p class=\"has-medium-font-size\"><strong>Enlaces a terceros<\/strong><\/p>\n<p><!-- \/wp:paragraph --><\/p>\n<p><!-- wp:paragraph --><\/p>\n<p>En el presente Sitio Web se pueden utilizar enlaces con otras p\u00e1ginas o sitios web. El prestador del servicio no se responsabiliza ni del contenido ni de las medidas de seguridad adoptadas por cualquier otra p\u00e1gina o sitio web a trav\u00e9s del cual se tiene acceso desde el presente Sitio Web, sitios a los que accede el interesado bajo su exclusiva responsabilidad.<br \/>Asimismo, tampoco se garantiza la ausencia de virus u otros elementos en los contenidos enlazados desde el Sitio Web de\u00a0<a href=\"https:\/\/serinar.es\/purificacion\">https:\/\/serinar.es\/purificacion<\/a>\u00a0que puedan producir alteraciones en el sistema inform\u00e1tico (hardware y software) y\/o en los documentos o los ficheros del Usuario, excluyendo asimismo al prestador del servicio de toda responsabilidad derivada de los da\u00f1os de cualquier \u00edndole ocasionados por todo lo anterior.<\/p>\n<p><!-- \/wp:paragraph --><\/p>\n<p><!-- wp:paragraph {\"fontSize\":\"medium\"} --><\/p>\n<p class=\"has-medium-font-size\"><strong>Modificaci\u00f3n de los t\u00e9rminos y condiciones de uso, pol\u00edtica de privacidad y de protecci\u00f3n de datos<\/strong><\/p>\n<p><!-- \/wp:paragraph --><\/p>\n<p><!-- wp:paragraph --><\/p>\n<p>El prestador del servicio se reserva el derecho a modificar en todo momento y sin previo aviso las presentes condiciones, t\u00e9rminos y pol\u00edticas de privacidad para adaptarlas a las novedades legislativas o jurisprudenciales as\u00ed como a las modificaciones o pr\u00e1cticas de la industria, debiendo el usuario consultar peri\u00f3dicamente las presentes condiciones, t\u00e9rminos y pol\u00edticas a fin de comprobar o cerciorarse de la existencia de cambios en las mismas, tomando como referencia la fecha de la \u00faltima actualizaci\u00f3n.<\/p>\n<p><!-- \/wp:paragraph --><\/p>\n<p><!-- wp:paragraph {\"fontSize\":\"medium\"} --><\/p>\n<p class=\"has-medium-font-size\"><strong>Pol\u00edtica de Cookies<\/strong><\/p>\n<p><!-- \/wp:paragraph --><\/p>\n<p><!-- wp:paragraph --><\/p>\n<p>El acceso a este puede implicar la utilizaci\u00f3n de cookies. Las cookies son peque\u00f1as cantidades de informaci\u00f3n que se almacenan en el navegador utilizado por cada usuario para que el servidor recuerde cierta informaci\u00f3n que posteriormente pueda utilizar. Esta informaci\u00f3n permite identificarle a usted como un usuario concreto y permite guardar sus preferencias personales, as\u00ed como informaci\u00f3n t\u00e9cnica como pueden ser visitas o p\u00e1ginas concretas que visite. Aquellos usuarios que no deseen recibir cookies o quieran ser informados antes de que se almacenen en su ordenador, pueden configurar su navegador a tal efecto. La mayor parte de los navegadores de hoy en d\u00eda permiten la gesti\u00f3n de las cookies de 3 formas diferentes:<\/p>\n<p><!-- \/wp:paragraph --><\/p>\n<p><!-- wp:list {\"ordered\":true,\"type\":\"1\"} --><\/p>\n<ol type=\"1\">\n<li>Las cookies no se aceptan nunca.<\/li>\n<li>El navegador pregunta al usuario si se debe aceptar cada cookie.<\/li>\n<li>Las cookies se aceptan siempre.<\/li>\n<\/ol>\n<p><!-- \/wp:list --><\/p>\n<p><!-- wp:paragraph --><\/p>\n<p>El navegador tambi\u00e9n puede incluir la posibilidad de especificar mejor qu\u00e9 cookies tienen que ser aceptadas y cu\u00e1les no. En concreto, el usuario puede normalmente aceptar alguna de las siguientes opciones:<\/p>\n<p><!-- \/wp:paragraph --><\/p>\n<p><!-- wp:list {\"ordered\":true,\"type\":\"1\"} --><\/p>\n<ol type=\"1\">\n<li>rechazar las cookies de determinados dominios;<\/li>\n<li>rechazar las cookies de terceros;<\/li>\n<li>aceptar cookies como no persistentes (se eliminan cuando el navegador se cierra);<\/li>\n<li>permitir al servidor crear cookies para un dominio diferente.<\/li>\n<\/ol>\n<p><!-- \/wp:list --><\/p>\n<p><!-- wp:paragraph --><\/p>\n<p>Para m\u00e1s informaci\u00f3n sobre Navegador Chrome pulse\u00a0<a href=\"http:\/\/support.google.com\/chrome\/answer\/95647?hl=es\" target=\"_blank\" rel=\"noreferrer noopener\">aqu\u00ed<\/a>. Para m\u00e1s informaci\u00f3n sobre Navegador Explorer pulse\u00a0<a href=\"http:\/\/windows.microsoft.com\/es-es\/windows7\/how-to-manage-cookies-in-internet-explorer-9\" target=\"_blank\" rel=\"noreferrer noopener\">aqu\u00ed<\/a>. Para m\u00e1s informaci\u00f3n sobre Navegador Firefox pulse\u00a0<a href=\"http:\/\/support.mozilla.org\/es\/kb\/habilitar-y-deshabilitar-cookies-que-los-sitios-we\" target=\"_blank\" rel=\"noreferrer noopener\">aqu\u00ed<\/a>. Para m\u00e1s informaci\u00f3n sobre Navegador Safari pulse\u00a0<a href=\"http:\/\/support.apple.com\/kb\/ph5042\" target=\"_blank\" rel=\"noreferrer noopener\">aqu\u00ed<\/a>.<\/p>\n<p><!-- \/wp:paragraph --><\/p>\n<p><!-- wp:paragraph --><\/p>\n<p>No obstante, tenga en cuenta que, en caso de eliminar las cookies detalladas, su navegaci\u00f3n por la p\u00e1gina puede verse afectada. Dispone de m\u00e1s informaci\u00f3n sobre las Cookies en:\u00a0<a href=\"http:\/\/es.wikipedia.org\/wiki\/Cookie\" target=\"_blank\" rel=\"noreferrer noopener\">Wikipedia<\/a><\/p>\n<p><!-- \/wp:paragraph --><\/p>\n<p><!-- wp:paragraph {\"fontSize\":\"medium\"} --><\/p>\n<p class=\"has-medium-font-size\"><strong>Terceros<\/strong><\/p>\n<p><!-- \/wp:paragraph --><\/p>\n<p><!-- wp:paragraph --><\/p>\n<p>En algunos casos se comparte informaci\u00f3n sobre los visitantes de este sitio de forma an\u00f3nima o agregada con terceros como puedan ser anunciantes, patrocinadores o auditores con el \u00fanico fin de mejorar los servicios ofrecidos en este sitio. Todas estas tareas de procesamiento ser\u00e1n reguladas seg\u00fan las normas legales y se respetar\u00e1n todos sus derechos en materia de protecci\u00f3n de datos conforme a la regulaci\u00f3n vigente. Este sitio mide el tr\u00e1fico con diferentes soluciones que pueden utilizar\u00a0<em>cookies<\/em>\u00a0o\u00a0<em>web beacons<\/em>\u00a0para analizar lo que sucede en nuestras p\u00e1ginas. Actualmente utiliza las siguientes soluciones para la medici\u00f3n del tr\u00e1fico de este sitio. Puede ver m\u00e1s informaci\u00f3n sobre la pol\u00edtica de privacidad de cada una de las soluciones utilizadas para tal efecto:<\/p>\n<p><!-- \/wp:paragraph --><\/p>\n<p><!-- wp:list --><\/p>\n<ul>\n<li><a href=\"http:\/\/www.google.com\/intl\/es\/policies\/privacy\/partners\/\" target=\"_blank\" rel=\"noreferrer noopener\">C\u00f3mo usa Google los datos que recopila en los sitios web<\/a><\/li>\n<li>Google (Analytics):\u00a0<a href=\"http:\/\/www.google.com\/intl\/es_ALL\/privacypolicy.html\" target=\"_blank\" rel=\"noreferrer noopener\">Pol\u00edtica de Privacidad de Google Analytics<\/a><\/li>\n<\/ul>\n<p><!-- \/wp:list --><\/p>\n<p><!-- wp:paragraph --><\/p>\n<p>Este sitio tambi\u00e9n puede albergar publicidad propia, de afiliados, o de redes publicitarias. Esta publicidad se muestra mediante servidores publicitarios que tambi\u00e9n utilizan\u00a0<em>cookies<\/em>\u00a0para mostrar contenidos publicitarios afines a los usuarios. Cada uno de estos servidores publicitarios dispone de su propia pol\u00edtica de privacidad, que puede ser consultada en sus propias p\u00e1ginas web. Las\u00a0<em>cookies<\/em>\u00a0son ficheros creados en el navegador del usuario para registrar su actividad en el Sitio Web y permitirle una navegaci\u00f3n m\u00e1s fluida y personalizada.<\/p>\n<p><!-- \/wp:paragraph --><\/p><\/div>\n\t\t\t\t<\/div>\n\t\t\t\t<\/div>\n\t\t\t\t\t\t<\/div>\n\t\t\t\t\t<\/div>\n\t\t<\/div>\n\t\t\t\t\t\t\t\t<\/div>\n\t\t\t\t\t<\/div>\n\t\t<\/section>\n\t\t\t\t\t\t<\/div>\n\t\t\t\t\t\t<\/div>\n\t\t\t\t\t<\/div>\n\t\t","protected":false},"excerpt":{"rendered":"<p>En virtud de las obligaciones establecidas por la Ley 34\/2002, de Servicios de la Sociedad de la Informaci\u00f3n y de Comercio Electr\u00f3nico y de la normativa vigente en materia de protecci\u00f3n de datos, en especial la Ley Org\u00e1nica 3\/2018, de 5 de diciembre, de Protecci\u00f3n de Datos Personales y Garant\u00eda de Derechos Digitales, se informa [&hellip;]<\/p>\n","protected":false},"author":1,"featured_media":0,"parent":0,"menu_order":0,"comment_status":"closed","ping_status":"closed","template":"","meta":{"footnotes":""},"class_list":["post-3","page","type-page","status-publish","hentry","entry","owp-thumbs-layout-horizontal","owp-btn-normal","owp-tabs-layout-horizontal","has-no-thumbnails","has-product-nav"],"_links":{"self":[{"href":"https:\/\/serinar.es\/purificacion\/wp-json\/wp\/v2\/pages\/3","targetHints":{"allow":["GET"]}}],"collection":[{"href":"https:\/\/serinar.es\/purificacion\/wp-json\/wp\/v2\/pages"}],"about":[{"href":"https:\/\/serinar.es\/purificacion\/wp-json\/wp\/v2\/types\/page"}],"author":[{"embeddable":true,"href":"https:\/\/serinar.es\/purificacion\/wp-json\/wp\/v2\/users\/1"}],"replies":[{"embeddable":true,"href":"https:\/\/serinar.es\/purificacion\/wp-json\/wp\/v2\/comments?post=3"}],"version-history":[{"count":10,"href":"https:\/\/serinar.es\/purificacion\/wp-json\/wp\/v2\/pages\/3\/revisions"}],"predecessor-version":[{"id":1558,"href":"https:\/\/serinar.es\/purificacion\/wp-json\/wp\/v2\/pages\/3\/revisions\/1558"}],"wp:attachment":[{"href":"https:\/\/serinar.es\/purificacion\/wp-json\/wp\/v2\/media?parent=3"}],"curies":[{"name":"wp","href":"https:\/\/api.w.org\/{rel}","templated":true}]}}