{"id":351,"date":"2020-12-18T19:25:08","date_gmt":"2020-12-18T19:25:08","guid":{"rendered":"https:\/\/serinar.es\/purificacion\/?post_type=product&#038;p=351"},"modified":"2021-02-28T01:16:52","modified_gmt":"2021-02-28T01:16:52","slug":"aprim-forte","status":"publish","type":"product","link":"https:\/\/serinar.es\/purificacion\/producto\/aprim-forte\/","title":{"rendered":"Aprim Forte &#8211; 60 caps"},"content":{"rendered":"<p>PRESENTACI\u00d3N Y COMPOSICI\u00d3N.<\/p>\n<p>Envases de 60 y 90 c\u00e1psulas de SSCmg. Contiene: Ext. seco Caf\u00e9 Verde, C.L.A, Ext_ seco Gymnema Silvestre, Ext, seco Garcinia Cambogia, Garcinia p anta, Hinojo, Ext. seco Opuntia, Opuntia planta, Picolinato de Cromo.<\/p>\n<p>El Caf\u00e9 Verde acelera el proceso de quema de energ\u00eda del cuerpo (efecto termog\u00e9nesis) y hace que una parte de la grasa ingerida no se asimile. EL C.L.A reduce la grasa corporal, aumenta la masa muscu ar, remode a la figura corpora y reduce los n iveles de colesterol y triglic\u00e9ridos en la sangre. La Gymnnena Silvestre se utiliza para el control de los niveles de az\u00facar y en las dietas de control de peso par su efecto en la reducci\u00f3n del apetito, La Carcinia Cambogia ayuda a reducir la acumulaci\u00f3n de gasa en el tejido adiposo y ayuda quemar mejor los alimentos ya que aumenta la producci\u00f3n de calor en el cuerpo, evitando as\u00ed los metabolismos lentos. El Ortosif\u00f3n tiene una acci\u00f3n diur\u00e9tica y est\u00e1 indicada como coadyuvante en las dietas de adelgazamiento cuando no existe retenci\u00f3n de Ilquidos asociados. La Opuntia contiene gran cantidad de fibra insoluble, lo que proporciona una sensaci\u00d3n de saciedad, El Hinojo facilita la digesti\u00f3n y reduce la hinchaz\u00f3n abdominal, tiene efectos diur\u00e9ticos que ayudan a eliminar l\u00edquidos y reduce cs niveles de co esteral. El Picolinato de Cromo se encarga de mantener en normal funcionamiento el metaborsmo de prote\u00ednas grasas y carbohidratos, hacer crecer el tejido magro del cuerpo y disminuir la grasa corporal.<\/p>\n<p>MODO DE EMPLEO;<\/p>\n<p>Tomar 1 c\u00e1psula, 30 minutos antes de las comidas, 3 veces al d\u00eda.<\/p>\n","protected":false},"excerpt":{"rendered":"<p>PRESENTACI\u00d3N Y COMPOSICI\u00d3N. Envases de 60 y 90 c\u00e1psulas de SSCmg. Contiene: Ext. seco Caf\u00e9 Verde, C.L.A, Ext_ seco Gymnema Silvestre, Ext, seco Garcinia Cambogia, Garcinia p anta, Hinojo, Ext. seco Opuntia, Opuntia planta, Picolinato de Cromo. El Caf\u00e9 Verde acelera el proceso de quema de energ\u00eda del cuerpo (efecto termog\u00e9nesis) y hace que una [&hellip;]<\/p>\n","protected":false},"featured_media":352,"comment_status":"open","ping_status":"closed","template":"","meta":[],"class_list":{"0":"post-351","1":"product","2":"type-product","3":"status-publish","4":"has-post-thumbnail","5":"hentry","6":"product_cat-dietas-de-control-de-peso","7":"product_cat-productos","8":"product_tag-dietas-de-control-de-peso","9":"product_tag-herbolario","11":"entry","12":"has-media","13":"owp-thumbs-layout-horizontal","14":"owp-btn-normal","15":"owp-tabs-layout-horizontal","16":"has-no-thumbnails","17":"has-product-nav"},"_links":{"self":[{"href":"https:\/\/serinar.es\/purificacion\/wp-json\/wp\/v2\/product\/351","targetHints":{"allow":["GET"]}}],"collection":[{"href":"https:\/\/serinar.es\/purificacion\/wp-json\/wp\/v2\/product"}],"about":[{"href":"https:\/\/serinar.es\/purificacion\/wp-json\/wp\/v2\/types\/product"}],"replies":[{"embeddable":true,"href":"https:\/\/serinar.es\/purificacion\/wp-json\/wp\/v2\/comments?post=351"}],"version-history":[{"count":2,"href":"https:\/\/serinar.es\/purificacion\/wp-json\/wp\/v2\/product\/351\/revisions"}],"predecessor-version":[{"id":1548,"href":"https:\/\/serinar.es\/purificacion\/wp-json\/wp\/v2\/product\/351\/revisions\/1548"}],"wp:featuredmedia":[{"embeddable":true,"href":"https:\/\/serinar.es\/purificacion\/wp-json\/wp\/v2\/media\/352"}],"wp:attachment":[{"href":"https:\/\/serinar.es\/purificacion\/wp-json\/wp\/v2\/media?parent=351"}],"curies":[{"name":"wp","href":"https:\/\/api.w.org\/{rel}","templated":true}]}}