{"id":353,"date":"2020-12-18T19:26:56","date_gmt":"2020-12-18T19:26:56","guid":{"rendered":"https:\/\/serinar.es\/purificacion\/?post_type=product&#038;p=353"},"modified":"2021-02-28T01:16:45","modified_gmt":"2021-02-28T01:16:45","slug":"drena-prim","status":"publish","type":"product","link":"https:\/\/serinar.es\/purificacion\/producto\/drena-prim\/","title":{"rendered":"Drena Prim Jarabe 250 ML"},"content":{"rendered":"<div>PRESENTACI\u00d3N Y COMPOSICI\u00d3N:<\/div>\n<div>\n<p>Botellas de 250ml y 500ml. Contiene: Ext. seco (5:1) Grama, Zarzaparrilla, Fumaria, Parietaria,\u00a0Diente de Le\u00f3n, Arenaria, Ortiga Verde, Cola de Caballo, Or\u00e9gano, Desmodium,\u00a0Meliloto, Sorbato Pot\u00e1sico, Fructosa. Excipiente: Agua purificada csp.<\/p>\n<\/div>\n<div>La Grama es una planta herb\u00e1cea que tiene un efecto diur\u00e9tico y hepaprotector. La Zarzaparrilla es eficaz como depurativo, diur\u00e9tico<\/div>\n<div>y sudor\u00edfico. Los efectos depurativos, diur\u00e9ticos y colagogos de la planta Fumaria, hacen que su sinergia con la Zarzaparrilla<\/div>\n<div>lla sea perfecta para potenciar todos sus beneficios. La Paretaria, conocida como \u201chierba de los muros\u201d, tiene un efecto diur\u00e9tico,<\/div>\n<div>descongestionador del h\u00edgado y es usado para tratar afecciones renales. El Diente de Le\u00f3n se utiliza contra las afecciones del sistema<\/div>\n<div>urinario, sus efectos diur\u00e9ticos y colagogos son apreciables y de efectividad. La Arenaria posee una cantidad de flavonoides<\/div>\n<div>que le confieren una acci\u00f3n diur\u00e9tica, as\u00ed como cumarinas y una acci\u00f3n antilili\u00e1cica (propiedad de disolver c\u00e1lculos renales). La ortiga<\/div>\n<div>es apreciada como un excelente drenante hep\u00e1tico y diur\u00e9tico. La acci\u00f3n diur\u00e9tica Cola de Caballo, va acompa\u00f1ada de una<\/div>\n<div>fuerta remineralizaci\u00f3n que la hace imprescindible con el fin de evitar estados an\u00edmicos. El Or\u00e9gano es una ayuda para evitar la<\/div>\n<div>astenia general y una gran ayuda para los efectos remineralizantes de la Cola de Caballo. El Desmodium tiene m\u00faltiples usos en<\/div>\n<div>fitoterapia, aunque en la f\u00f3rmula la utilizamos por sus efectos preventivos de hepatopat\u00edas, para las alteraciones hep\u00e1ticas y la<\/div>\n<div>\n<p>ves\u00edcula biliar. El Meliloto es suavemente diur\u00e9tico y es un buen sinergizante de la Ortiga.<\/p>\n<\/div>\n<div>\n<p>MODO DE EMPLEO:<\/p>\n<\/div>\n<div>Tomar 2 tapones. Ingerir directamente o mezclar con agua. Tambi\u00e9n se puede diluir<\/div>\n<div>en 1,5L de agua y beberlo durante todo el dia. Agitar antes de usar.<\/div>\n","protected":false},"excerpt":{"rendered":"<p>PRESENTACI\u00d3N Y COMPOSICI\u00d3N: Botellas de 250ml y 500ml. Contiene: Ext. seco (5:1) Grama, Zarzaparrilla, Fumaria, Parietaria,\u00a0Diente de Le\u00f3n, Arenaria, Ortiga Verde, Cola de Caballo, Or\u00e9gano, Desmodium,\u00a0Meliloto, Sorbato Pot\u00e1sico, Fructosa. Excipiente: Agua purificada csp. La Grama es una planta herb\u00e1cea que tiene un efecto diur\u00e9tico y hepaprotector. La Zarzaparrilla es eficaz como depurativo, diur\u00e9tico y sudor\u00edfico. [&hellip;]<\/p>\n","protected":false},"featured_media":354,"comment_status":"open","ping_status":"closed","template":"","meta":[],"class_list":{"0":"post-353","1":"product","2":"type-product","3":"status-publish","4":"has-post-thumbnail","5":"hentry","6":"product_cat-jarabes","7":"product_cat-productos","8":"product_tag-herbolario","9":"product_tag-jarabes","10":"product_tag-salud","12":"entry","13":"has-media","14":"owp-thumbs-layout-horizontal","15":"owp-btn-normal","16":"owp-tabs-layout-horizontal","17":"has-no-thumbnails","18":"has-product-nav"},"_links":{"self":[{"href":"https:\/\/serinar.es\/purificacion\/wp-json\/wp\/v2\/product\/353","targetHints":{"allow":["GET"]}}],"collection":[{"href":"https:\/\/serinar.es\/purificacion\/wp-json\/wp\/v2\/product"}],"about":[{"href":"https:\/\/serinar.es\/purificacion\/wp-json\/wp\/v2\/types\/product"}],"replies":[{"embeddable":true,"href":"https:\/\/serinar.es\/purificacion\/wp-json\/wp\/v2\/comments?post=353"}],"version-history":[{"count":1,"href":"https:\/\/serinar.es\/purificacion\/wp-json\/wp\/v2\/product\/353\/revisions"}],"predecessor-version":[{"id":1547,"href":"https:\/\/serinar.es\/purificacion\/wp-json\/wp\/v2\/product\/353\/revisions\/1547"}],"wp:featuredmedia":[{"embeddable":true,"href":"https:\/\/serinar.es\/purificacion\/wp-json\/wp\/v2\/media\/354"}],"wp:attachment":[{"href":"https:\/\/serinar.es\/purificacion\/wp-json\/wp\/v2\/media?parent=353"}],"curies":[{"name":"wp","href":"https:\/\/api.w.org\/{rel}","templated":true}]}}