{"id":355,"date":"2020-12-18T19:28:45","date_gmt":"2020-12-18T19:28:45","guid":{"rendered":"https:\/\/serinar.es\/purificacion\/?post_type=product&#038;p=355"},"modified":"2021-02-28T01:16:37","modified_gmt":"2021-02-28T01:16:37","slug":"infoseo","status":"publish","type":"product","link":"https:\/\/serinar.es\/purificacion\/producto\/infoseo\/","title":{"rendered":"Infoseo &#8211; 60 caps"},"content":{"rendered":"<p>PRESENTACI\u00d3N Y COMPOSICI\u00d3N:<\/p>\n<p>Envase de 60 y 90 c\u00e1psulas. Contiene: Glucosamina, Condroitona, MSM, Cart\u00edlago de Tibur\u00f3n, Ext. C\u00farcuma, Ext. Harpagofto (IO: ), Acido Hialur\u00f3nico. C\u00e1psula vegetal.<\/p>\n<p>La funci\u00f3n de 13 glucosamina es estimular la formaci\u00f3n y reparaci\u00f3n del cart\u00edlago articulatorio. La suplementaci\u00f3n con glucosamina puede ayudar a aumentar la cantidad de cart\u00edlago y l\u00edquido que rodean las articulaciones o bien prevenir su deterioro, El MSM es un mineral necesario para el buen funcionamiento y estructura de nuestro cuerpo, alivia el dolor asociado con enfermedades sist\u00e9micas, aporta un alivio sustancial y duradero a las personas que sufren procesos inflamatorios en articulaciones, tendones, etc. La condroitina es un constituyente principal del cart\u00edlago, el tejido conectivo el\u00e1stico y resistente que se encuentra FitoNal\u2022 El cart\u00edlago de tibur\u00f3n es una sustancia compuesta por macro prote\u00ednas, calcio, col\u00e1geno y glicosarninoglicanos, que es capaz de en las articulaciones y es importante para el mantenim ento del cart\u00edlago, ya que le aporta sus propiedades mec\u00e1nicas y el\u00e1sticas.<\/p>\n<p>penetrar y reforzar las articulaciones para prevenir el deterioro articular. La c\u00farcuma es muy conocida por sus propiedades antiinflamatorias, pues ayuda 3 calmar el dolor y a eliminar las toxinas del organismo. Sus principios activos aumentan la producci\u00f3n natural de cortisona, sin provocar irritaci\u00f3n g\u00e1strica, ni alterar el sistema nervioso. El harpagofito posee propiedades antirreum\u00e1t-cas, anti-inflamatorias y analg\u00e9sicas, se ha comprobado que reduce la inflamaci\u00f3n y el dolor en procesos de artritis, artrosis y de reuma. El \u00e1cido hialur\u00f3nico, al ser un componente esencial del cart\u00edlago articular, se ha comprobado que su utilizaci\u00f3n en patolog\u00edas articulares degenerativas, tiene un efecto regenerador del cart\u00edlago articular..<\/p>\n<p>MODO DE EMPLEO:<\/p>\n<p>Tomar 3 c\u00e1psulas repartidas durante el d\u00eda.<\/p>\n","protected":false},"excerpt":{"rendered":"<p>PRESENTACI\u00d3N Y COMPOSICI\u00d3N: Envase de 60 y 90 c\u00e1psulas. Contiene: Glucosamina, Condroitona, MSM, Cart\u00edlago de Tibur\u00f3n, Ext. C\u00farcuma, Ext. Harpagofto (IO: ), Acido Hialur\u00f3nico. C\u00e1psula vegetal. La funci\u00f3n de 13 glucosamina es estimular la formaci\u00f3n y reparaci\u00f3n del cart\u00edlago articulatorio. La suplementaci\u00f3n con glucosamina puede ayudar a aumentar la cantidad de cart\u00edlago y l\u00edquido que [&hellip;]<\/p>\n","protected":false},"featured_media":1085,"comment_status":"open","ping_status":"closed","template":"","meta":[],"class_list":{"0":"post-355","1":"product","2":"type-product","3":"status-publish","4":"has-post-thumbnail","5":"hentry","6":"product_cat-complementos-alimenticios","7":"product_cat-deportistas","8":"product_cat-productos","9":"product_tag-complementos-alimenticios","10":"product_tag-deportistas","11":"product_tag-herbolario","13":"entry","14":"has-media","15":"owp-thumbs-layout-horizontal","16":"owp-btn-normal","17":"owp-tabs-layout-horizontal","18":"has-no-thumbnails","19":"has-product-nav"},"_links":{"self":[{"href":"https:\/\/serinar.es\/purificacion\/wp-json\/wp\/v2\/product\/355","targetHints":{"allow":["GET"]}}],"collection":[{"href":"https:\/\/serinar.es\/purificacion\/wp-json\/wp\/v2\/product"}],"about":[{"href":"https:\/\/serinar.es\/purificacion\/wp-json\/wp\/v2\/types\/product"}],"replies":[{"embeddable":true,"href":"https:\/\/serinar.es\/purificacion\/wp-json\/wp\/v2\/comments?post=355"}],"version-history":[{"count":2,"href":"https:\/\/serinar.es\/purificacion\/wp-json\/wp\/v2\/product\/355\/revisions"}],"predecessor-version":[{"id":1546,"href":"https:\/\/serinar.es\/purificacion\/wp-json\/wp\/v2\/product\/355\/revisions\/1546"}],"wp:featuredmedia":[{"embeddable":true,"href":"https:\/\/serinar.es\/purificacion\/wp-json\/wp\/v2\/media\/1085"}],"wp:attachment":[{"href":"https:\/\/serinar.es\/purificacion\/wp-json\/wp\/v2\/media?parent=355"}],"curies":[{"name":"wp","href":"https:\/\/api.w.org\/{rel}","templated":true}]}}