{"id":373,"date":"2020-12-19T14:00:52","date_gmt":"2020-12-19T14:00:52","guid":{"rendered":"https:\/\/serinar.es\/purificacion\/?post_type=product&#038;p=373"},"modified":"2021-02-28T01:16:28","modified_gmt":"2021-02-28T01:16:28","slug":"aceite-de-almendras-dulces-250ml","status":"publish","type":"product","link":"https:\/\/serinar.es\/purificacion\/producto\/aceite-de-almendras-dulces-250ml\/","title":{"rendered":"Aceite de Almendras Dulces 250 ml"},"content":{"rendered":"<div>\n<p>PRESENTACI\u00d3N Y COMPOSICI\u00d3N:<br \/>\nEnvases de 250ml, 500ml y 1000ml de aceite de almendras dulces 100% de primera presi\u00f3n en fr\u00edo de calidad alimentaria. Con vitamina E para su conservaci\u00f3n.<br \/>\nEl aceite de almendras posee un alto contenido en \u00e1cidos grasos mono-insaturados. Act\u00faa como emoliente, ya que posee propiedades suavizantes y aporta elasticidad a la piel. Adem\u00e1s, penetra r\u00e1pidamente y al ser ligero, se aplica con gran facilidad. Se usa para suavizar todo tipo de piel incluyendo pieles secas y escamosas. Es emoliente, suavizante e hidratante y alivia escozores y picores. Se recomienda su aplicaci\u00f3n despu\u00e9s de la ducha, para aumentar su absorci\u00f3n.<br \/>\nPor sus caracter\u00edsticas, aceite ligero y poco viscoso, se emplea habitualmente para masajes. En el cabello, los \u00e1cidos grasos del aceite de almendras logran que la fibra capilar que bien humectada, dej\u00e1ndola suave y brillante. Finalmente al ser de calidad alimentaria, no se puede emplear para cocinar, se usa en aromaterapia como aceite portador o sea para diluir aceites esenciales.<\/p>\n<\/div>\n<div>\n<p>MODO DE EMPLEO:<br \/>\nAplicar en la piel tantas veces como sea necesario y en el cabello media hora antes de lavarlo (como mascarilla).<\/p>\n<\/div>\n","protected":false},"excerpt":{"rendered":"<p>PRESENTACI\u00d3N Y COMPOSICI\u00d3N: Envases de 250ml, 500ml y 1000ml de aceite de almendras dulces 100% de primera presi\u00f3n en fr\u00edo de calidad alimentaria. Con vitamina E para su conservaci\u00f3n. El aceite de almendras posee un alto contenido en \u00e1cidos grasos mono-insaturados. Act\u00faa como emoliente, ya que posee propiedades suavizantes y aporta elasticidad a la piel. [&hellip;]<\/p>\n","protected":false},"featured_media":374,"comment_status":"open","ping_status":"closed","template":"","meta":[],"class_list":{"0":"post-373","1":"product","2":"type-product","3":"status-publish","4":"has-post-thumbnail","5":"hentry","6":"product_cat-aceites-vegetales","7":"product_cat-belleza","8":"product_cat-productos","9":"product_tag-aceites-vegetales","10":"product_tag-belleza","11":"product_tag-herbolario","13":"entry","14":"has-media","15":"owp-thumbs-layout-horizontal","16":"owp-btn-normal","17":"owp-tabs-layout-horizontal","18":"has-product-nav"},"_links":{"self":[{"href":"https:\/\/serinar.es\/purificacion\/wp-json\/wp\/v2\/product\/373","targetHints":{"allow":["GET"]}}],"collection":[{"href":"https:\/\/serinar.es\/purificacion\/wp-json\/wp\/v2\/product"}],"about":[{"href":"https:\/\/serinar.es\/purificacion\/wp-json\/wp\/v2\/types\/product"}],"replies":[{"embeddable":true,"href":"https:\/\/serinar.es\/purificacion\/wp-json\/wp\/v2\/comments?post=373"}],"version-history":[{"count":1,"href":"https:\/\/serinar.es\/purificacion\/wp-json\/wp\/v2\/product\/373\/revisions"}],"predecessor-version":[{"id":1545,"href":"https:\/\/serinar.es\/purificacion\/wp-json\/wp\/v2\/product\/373\/revisions\/1545"}],"wp:featuredmedia":[{"embeddable":true,"href":"https:\/\/serinar.es\/purificacion\/wp-json\/wp\/v2\/media\/374"}],"wp:attachment":[{"href":"https:\/\/serinar.es\/purificacion\/wp-json\/wp\/v2\/media?parent=373"}],"curies":[{"name":"wp","href":"https:\/\/api.w.org\/{rel}","templated":true}]}}