{"id":375,"date":"2020-12-19T14:10:24","date_gmt":"2020-12-19T14:10:24","guid":{"rendered":"https:\/\/serinar.es\/purificacion\/?post_type=product&#038;p=375"},"modified":"2021-01-14T17:53:37","modified_gmt":"2021-01-14T17:53:37","slug":"crema-reafirmante","status":"publish","type":"product","link":"https:\/\/serinar.es\/purificacion\/producto\/crema-reafirmante\/","title":{"rendered":"Crema Reafirmante"},"content":{"rendered":"<p>La flacidez cut\u00e1nea aparece con la edad y tambi\u00e9n puede ser consecuencia de situaciones de adelgazamiento brusco y tras el parto. Las f\u00f3rmulas cosm\u00e9ticas reafirmantes se orientan hacia una regeneraci\u00f3n del tejido conjuntivo y la mejora en las caracter\u00edsticas de flexibilidad y elasticidad de la piel.<\/p>\n<p>La crema reafirmante \u00a0tiene como ingrediente estrella el Pronalen\u00ae Refirming. Es de origen natural y b\u00e1sico para nuestras formulaciones reafirmantes. Est\u00e1 compuesto por una mezcla de extractos vegetales cuyos principios activos han sido testados y valorados, que a continuaci\u00f3n detallamos:<\/p>\n<p>Principio Activo Riqueza total Planta de Or\u00edgen Acci\u00f3n<\/p>\n<p>Silimarina, Silybum marianum Reafirmante Anti-envejecimiento<\/p>\n<p>Taninos, Alchemilla vulgaris Astringente Reafirmante<\/p>\n<p>Silicio, Equisetum arvense Hidratante Reafirmante<\/p>\n<p>P\u00e9ptidos,Glycine soja Triticum vulgare, Medicago sativa Raphanus sativus Hidratantes<\/p>\n<p>&nbsp;<\/p>\n<p>Modo Aplicaci\u00f3n<\/p>\n<p>Aplicar la cantidad suficiente de producto en la palma de la mano y repartir en movimientos amplios hacia arriba (siguiendo el sentido de la circulaci\u00f3n sangu\u00ednea) sobre las regiones a tratar como muslos, nalgas, caderas, brazos, senos y vientre. Se aconseja realizar la operaci\u00f3n dos veces al d\u00eda<\/p>\n<p>Presentaci\u00f3n: Envase blanco Airless de 150 ml.<\/p>\n","protected":false},"excerpt":{"rendered":"<p>La flacidez cut\u00e1nea aparece con la edad y tambi\u00e9n puede ser consecuencia de situaciones de adelgazamiento brusco y tras el parto. Las f\u00f3rmulas cosm\u00e9ticas reafirmantes se orientan hacia una regeneraci\u00f3n del tejido conjuntivo y la mejora en las caracter\u00edsticas de flexibilidad y elasticidad de la piel. La crema reafirmante \u00a0tiene como ingrediente estrella el Pronalen\u00ae [&hellip;]<\/p>\n","protected":false},"featured_media":376,"comment_status":"open","ping_status":"closed","template":"","meta":[],"class_list":{"0":"post-375","1":"product","2":"type-product","3":"status-publish","4":"has-post-thumbnail","5":"hentry","6":"product_cat-belleza","7":"product_tag-belleza","8":"product_tag-herbolario","10":"entry","11":"has-media","12":"owp-thumbs-layout-horizontal","13":"owp-btn-normal","14":"owp-tabs-layout-horizontal","15":"has-no-thumbnails","16":"has-product-nav"},"_links":{"self":[{"href":"https:\/\/serinar.es\/purificacion\/wp-json\/wp\/v2\/product\/375","targetHints":{"allow":["GET"]}}],"collection":[{"href":"https:\/\/serinar.es\/purificacion\/wp-json\/wp\/v2\/product"}],"about":[{"href":"https:\/\/serinar.es\/purificacion\/wp-json\/wp\/v2\/types\/product"}],"replies":[{"embeddable":true,"href":"https:\/\/serinar.es\/purificacion\/wp-json\/wp\/v2\/comments?post=375"}],"version-history":[{"count":1,"href":"https:\/\/serinar.es\/purificacion\/wp-json\/wp\/v2\/product\/375\/revisions"}],"predecessor-version":[{"id":781,"href":"https:\/\/serinar.es\/purificacion\/wp-json\/wp\/v2\/product\/375\/revisions\/781"}],"wp:featuredmedia":[{"embeddable":true,"href":"https:\/\/serinar.es\/purificacion\/wp-json\/wp\/v2\/media\/376"}],"wp:attachment":[{"href":"https:\/\/serinar.es\/purificacion\/wp-json\/wp\/v2\/media?parent=375"}],"curies":[{"name":"wp","href":"https:\/\/api.w.org\/{rel}","templated":true}]}}