{"id":377,"date":"2020-12-19T14:14:22","date_gmt":"2020-12-19T14:14:22","guid":{"rendered":"https:\/\/serinar.es\/purificacion\/?post_type=product&#038;p=377"},"modified":"2021-02-05T19:46:05","modified_gmt":"2021-02-05T19:46:05","slug":"crema-facial-antioxidante","status":"publish","type":"product","link":"https:\/\/serinar.es\/purificacion\/producto\/crema-facial-antioxidante\/","title":{"rendered":"Crema Facial Antioxidante"},"content":{"rendered":"<p>PRESENTACI\u00d3N Y COMPOSICI\u00d3N:<\/p>\n<p>Presentaci\u00f3n en envases tipo Tarro &#8211; Airless de 50 ml.<\/p>\n<p>Hialuranato S\u00f3dico. (Efecto Hidratante long lasting).<\/p>\n<p>Manteca de Karit\u00e9. (Hidratante).<\/p>\n<p>Hydroviton<strong><sup>\u00ae<\/sup><\/strong>. (Hidratante de acci\u00f3n inmediato y larga duraci\u00f3n).<\/p>\n<p>Citrustem<strong><sup>\u00ae\u00a0\u00a0<\/sup><\/strong>(C\u00e9lulas madre de la naranja, es antiarrugas, renueva la piel e\u00a0incrementa firmeza y elasticidad).<\/p>\n<p>Vitamina E\u00a0 (Antioxidante).<\/p>\n<p>Vitamina F\u00a0 (Antioxidante).<\/p>\n<p>A. Almendras dulces (Efecto Emoliente).<\/p>\n<p>Alfa Bisabolol . (Calmante y descongestivo).<\/p>\n<p>Filtros UVA+UVB con un SPF de 15<\/p>\n<p>Emulsi\u00f3n tipo crema de color blanco, con perfume sin alergenos y sin conservantes parabenos. Crema hidratante de acci\u00f3n inmediata y de larga duraci\u00f3n, por la acci\u00f3n combinada del Hialuranato S\u00f3dico, \u00a0Hydroviton y Manteca de Karit\u00e9. El Aceite de Almendras Dulces le da un efecto Emoliente y las Vitaminas E y F una acci\u00f3n Antioxidante. El activo Citrustem<strong><sup>\u00ae\u00a0\u00a0<\/sup><\/strong>son c\u00e9lulas madre de la naranja, es antiarrugas, renueva la piel e incrementa firmeza y elasticidad. Aplicar a diario de d\u00eda y de noche sobre la piel limpia del rostro, cuello y escote. Recomendada para cualquier tipo de piel.<\/p>\n","protected":false},"excerpt":{"rendered":"<p>PRESENTACI\u00d3N Y COMPOSICI\u00d3N: Presentaci\u00f3n en envases tipo Tarro &#8211; Airless de 50 ml. Hialuranato S\u00f3dico. (Efecto Hidratante long lasting). Manteca de Karit\u00e9. (Hidratante). Hydroviton\u00ae. (Hidratante de acci\u00f3n inmediato y larga duraci\u00f3n). Citrustem\u00ae\u00a0\u00a0(C\u00e9lulas madre de la naranja, es antiarrugas, renueva la piel e\u00a0incrementa firmeza y elasticidad). Vitamina E\u00a0 (Antioxidante). Vitamina F\u00a0 (Antioxidante). A. Almendras dulces (Efecto [&hellip;]<\/p>\n","protected":false},"featured_media":1088,"comment_status":"open","ping_status":"closed","template":"","meta":[],"class_list":{"0":"post-377","1":"product","2":"type-product","3":"status-publish","4":"has-post-thumbnail","5":"hentry","6":"product_cat-belleza","7":"product_tag-belleza","8":"product_tag-herbolario","10":"entry","11":"has-media","12":"owp-thumbs-layout-horizontal","13":"owp-btn-normal","14":"owp-tabs-layout-horizontal","15":"has-no-thumbnails","16":"has-product-nav"},"_links":{"self":[{"href":"https:\/\/serinar.es\/purificacion\/wp-json\/wp\/v2\/product\/377","targetHints":{"allow":["GET"]}}],"collection":[{"href":"https:\/\/serinar.es\/purificacion\/wp-json\/wp\/v2\/product"}],"about":[{"href":"https:\/\/serinar.es\/purificacion\/wp-json\/wp\/v2\/types\/product"}],"replies":[{"embeddable":true,"href":"https:\/\/serinar.es\/purificacion\/wp-json\/wp\/v2\/comments?post=377"}],"version-history":[{"count":1,"href":"https:\/\/serinar.es\/purificacion\/wp-json\/wp\/v2\/product\/377\/revisions"}],"predecessor-version":[{"id":1087,"href":"https:\/\/serinar.es\/purificacion\/wp-json\/wp\/v2\/product\/377\/revisions\/1087"}],"wp:featuredmedia":[{"embeddable":true,"href":"https:\/\/serinar.es\/purificacion\/wp-json\/wp\/v2\/media\/1088"}],"wp:attachment":[{"href":"https:\/\/serinar.es\/purificacion\/wp-json\/wp\/v2\/media?parent=377"}],"curies":[{"name":"wp","href":"https:\/\/api.w.org\/{rel}","templated":true}]}}