{"id":379,"date":"2020-12-20T18:36:18","date_gmt":"2020-12-20T18:36:18","guid":{"rendered":"https:\/\/serinar.es\/purificacion\/?post_type=product&#038;p=379"},"modified":"2021-02-05T19:47:15","modified_gmt":"2021-02-05T19:47:15","slug":"crema-facial-reparadora","status":"publish","type":"product","link":"https:\/\/serinar.es\/purificacion\/producto\/crema-facial-reparadora\/","title":{"rendered":"Crema Facial Reparadora"},"content":{"rendered":"<p>PRESENTACI\u00d3N Y COMPOSICI\u00d3N:<\/p>\n<p>Presentaci\u00f3n en envases tipo Tarro &#8211; Airless de 50 ml.<\/p>\n<p>Gladback<strong><sup>\u00ae<\/sup><\/strong>\u00a0(Activo multifuncional antiedad, aten\u00faa los diversos efectos del envejecimiento).<\/p>\n<p>Citrustem<strong><sup>\u00ae<\/sup><\/strong>\u00a0(C\u00e9lulas madre antiarrugas, renueva la piel e incrementa firmeza y elasticidad).<\/p>\n<p>Aceite Almendras Dulces (Emoliente).<\/p>\n<p>Manteca de Karit\u00e9 (Hidratante).<\/p>\n<p>Alfa Bisobolol\u00a0 (Calmante y descongestivo).<\/p>\n<p>Vitamina F\u00a0 (Antioxidante).<\/p>\n<p>Emulsi\u00f3n tipo crema no oleosa de color blanco,\u00a0 con perfume sin alergenos y sin conservantes parabenos. Formulada con activos para combatir el fotoenvejecimiento y el envejecimiento natural u hormonal, ideal para pieles secas, apagadas, fl\u00e1cidas y con arrugas. Citrustem<strong><sup>\u00ae<\/sup><\/strong>\u00a0y Gladback<strong><sup>\u00ae<\/sup><\/strong>\u00a0act\u00faan de manera multifuncional contra el envejecimiento y la menopausia en la piel, la Vitamina F es Antioxidante y\u00a0 la Manteca de Karit\u00e9 sirve de base Hidratante. Aplicar sobre la piel limpia del rostro, cuello y escote tanto de d\u00eda como de noche. Se recomienda combinar su acci\u00f3n con los Serums Antiedad Rohen Lab.<\/p>\n","protected":false},"excerpt":{"rendered":"<p>PRESENTACI\u00d3N Y COMPOSICI\u00d3N: Presentaci\u00f3n en envases tipo Tarro &#8211; Airless de 50 ml. Gladback\u00ae\u00a0(Activo multifuncional antiedad, aten\u00faa los diversos efectos del envejecimiento). Citrustem\u00ae\u00a0(C\u00e9lulas madre antiarrugas, renueva la piel e incrementa firmeza y elasticidad). Aceite Almendras Dulces (Emoliente). Manteca de Karit\u00e9 (Hidratante). Alfa Bisobolol\u00a0 (Calmante y descongestivo). Vitamina F\u00a0 (Antioxidante). Emulsi\u00f3n tipo crema no oleosa de [&hellip;]<\/p>\n","protected":false},"featured_media":1089,"comment_status":"open","ping_status":"closed","template":"","meta":[],"class_list":{"0":"post-379","1":"product","2":"type-product","3":"status-publish","4":"has-post-thumbnail","5":"hentry","6":"product_cat-belleza","7":"product_tag-belleza","8":"product_tag-herbolario","10":"entry","11":"has-media","12":"owp-thumbs-layout-horizontal","13":"owp-btn-normal","14":"owp-tabs-layout-horizontal","15":"has-no-thumbnails","16":"has-product-nav"},"_links":{"self":[{"href":"https:\/\/serinar.es\/purificacion\/wp-json\/wp\/v2\/product\/379","targetHints":{"allow":["GET"]}}],"collection":[{"href":"https:\/\/serinar.es\/purificacion\/wp-json\/wp\/v2\/product"}],"about":[{"href":"https:\/\/serinar.es\/purificacion\/wp-json\/wp\/v2\/types\/product"}],"replies":[{"embeddable":true,"href":"https:\/\/serinar.es\/purificacion\/wp-json\/wp\/v2\/comments?post=379"}],"version-history":[{"count":0,"href":"https:\/\/serinar.es\/purificacion\/wp-json\/wp\/v2\/product\/379\/revisions"}],"wp:featuredmedia":[{"embeddable":true,"href":"https:\/\/serinar.es\/purificacion\/wp-json\/wp\/v2\/media\/1089"}],"wp:attachment":[{"href":"https:\/\/serinar.es\/purificacion\/wp-json\/wp\/v2\/media?parent=379"}],"curies":[{"name":"wp","href":"https:\/\/api.w.org\/{rel}","templated":true}]}}