{"id":80,"date":"2016-08-22T21:53:54","date_gmt":"2016-08-22T21:53:54","guid":{"rendered":"https:\/\/oceanwp.org\/simple\/product\/electric-leather-watch\/"},"modified":"2021-02-28T01:20:41","modified_gmt":"2021-02-28T01:20:41","slug":"ansia-fin","status":"publish","type":"product","link":"https:\/\/serinar.es\/purificacion\/producto\/ansia-fin\/","title":{"rendered":"Ansia Fin &#8211; Ansiolitico 596 mg &#8211; 60 caps"},"content":{"rendered":"<p>PRESENTACION Y COMPOSICION:<\/p>\n<p>Envase de 60 c\u00e1psulas de 596 mg. Ext. seco de Hip\u00e9rico, Lisado de pescado, Ext. seco de valeriana, L-Tript\u00f3fano, Glutamina, Ext. seco espliego, Ext. seco melisa, Ext. seco avena, Vitamina B6, Vitamina\u00a0B1, \u00c1cido f\u00f3lico, Vitamina B12.<\/p>\n<p>El hip\u00e9rico tiene propiedades antiespasm\u00f3dicas y ayuda a equilibrar el sistema nervioso, al normalizar los procesos que tienen lugar en los cambios de humor. El lisado de pescadoalivia el estado de ansiedady estr\u00e9s, aumenta la concentraci\u00f3n y eficacia cerebral (especialmente la memoria). La valeriana tiene propiedades sedantes y es adecuada para trastornos nerviosos y depresivos ayudando a establecer el ritmo card\u00edaco al tener un efecto tranquilizante. El L-Triptofano favorece la relajaci\u00f3n, establece un sue\u00f1o saludable y un estado de \u00e1nimo estable. La glutamina ayuda a mejorar el rendimiento intelectual en los casos de des\u00e1nimo o estr\u00e9s. La melisa posee propiedades carminativas y combate las alteraciones del sistema nervioso. La avena tiene propiedades con efecto tonificante y equilibrante del sistema nervioso. La vitamina B6 ayuda a mantener el sistema nervioso en buen estado y a absorber la vitamina B12. La vitamina B1 ayuda al cerebro a absorber la glucosa de manera decuada. El \u00e1cido f\u00f3lico ayuda a prevenir la depresi\u00f3n. La vitamina B12 es importante para la correcta metabolizaci\u00f3n del \u00e1cido f\u00f3lico.<\/p>\n<p>MODO DE EMPLEO:<\/p>\n<p>Tomar tres c\u00e1psulas al d\u00eda, antes de las principales comidas.<\/p>\n<p>ADVERTENCIAS:<\/p>\n<p>Este producto que incorpora el hip\u00e9rico no debe ser utilizado simult\u00e1neamente con otros medicamentos para la ansiedad<\/p>\n","protected":false},"excerpt":{"rendered":"<p>PRESENTACION Y COMPOSICION: Envase de 60 c\u00e1psulas de 596 mg. Ext. seco de Hip\u00e9rico, Lisado de pescado, Ext. seco de valeriana, L-Tript\u00f3fano, Glutamina, Ext. seco espliego, Ext. seco melisa, Ext. seco avena, Vitamina B6, Vitamina\u00a0B1, \u00c1cido f\u00f3lico, Vitamina B12. El hip\u00e9rico tiene propiedades antiespasm\u00f3dicas y ayuda a equilibrar el sistema nervioso, al normalizar los procesos [&hellip;]<\/p>\n","protected":false},"featured_media":343,"comment_status":"open","ping_status":"closed","template":"","meta":[],"class_list":{"0":"post-80","1":"product","2":"type-product","3":"status-publish","4":"has-post-thumbnail","5":"hentry","6":"product_cat-otros","7":"product_cat-productos","8":"product_tag-herbolario","9":"product_tag-salud","11":"entry","12":"has-media","13":"owp-thumbs-layout-horizontal","14":"owp-btn-normal","15":"owp-tabs-layout-horizontal","16":"has-no-thumbnails","17":"has-product-nav"},"_links":{"self":[{"href":"https:\/\/serinar.es\/purificacion\/wp-json\/wp\/v2\/product\/80","targetHints":{"allow":["GET"]}}],"collection":[{"href":"https:\/\/serinar.es\/purificacion\/wp-json\/wp\/v2\/product"}],"about":[{"href":"https:\/\/serinar.es\/purificacion\/wp-json\/wp\/v2\/types\/product"}],"replies":[{"embeddable":true,"href":"https:\/\/serinar.es\/purificacion\/wp-json\/wp\/v2\/comments?post=80"}],"version-history":[{"count":2,"href":"https:\/\/serinar.es\/purificacion\/wp-json\/wp\/v2\/product\/80\/revisions"}],"predecessor-version":[{"id":1553,"href":"https:\/\/serinar.es\/purificacion\/wp-json\/wp\/v2\/product\/80\/revisions\/1553"}],"wp:featuredmedia":[{"embeddable":true,"href":"https:\/\/serinar.es\/purificacion\/wp-json\/wp\/v2\/media\/343"}],"wp:attachment":[{"href":"https:\/\/serinar.es\/purificacion\/wp-json\/wp\/v2\/media?parent=80"}],"curies":[{"name":"wp","href":"https:\/\/api.w.org\/{rel}","templated":true}]}}