{"id":81,"date":"2016-08-22T21:56:54","date_gmt":"2016-08-22T21:56:54","guid":{"rendered":"https:\/\/oceanwp.org\/simple\/product\/integral-gold-watch\/"},"modified":"2021-02-28T01:20:30","modified_gmt":"2021-02-28T01:20:30","slug":"grifonia-5htp-45caps","status":"publish","type":"product","link":"https:\/\/serinar.es\/purificacion\/producto\/grifonia-5htp-45caps\/","title":{"rendered":"Grifonia 5htp &#8211; 45 caps"},"content":{"rendered":"<p>PRESENTACI\u00d3N Y COMPOSICI\u00d3N:<\/p>\n<p>Envase de 45 y 60 capsulas de 667,1mg.<\/p>\n<p>Ext. seco Grifonia, L-Tript\u00f3fano, Ext. seco L\u00fapulo, 5HTP puro, Vitamina B6, Vitamina B1, Vitamin B9, Vitamina B12, Di\u00f3xido de silicio, Estearato de magnesio. Capsula vegetal.<\/p>\n<p>La semillas de grifonia son ricas en L-5HTP (Hidroxitript\u00f3fano), precursor directo de la serotonina, la cual intervienen en el sue\u00f1o y en la gesti\u00f3n del estr\u00e9s. Estimular su producci\u00f3n permite reducir los estados depresivos o de ansiedad y volver a disfrutar de un sue\u00f1o de calidad. Permite reducir los estados de ansiedad y depresi\u00f3n sin afectar al funcionamiento natural del cerebro, al contrario que los antidepresivos de s\u00edntesis. El tript\u00f3fano es uno de los 10 amino\u00e1cidos que el cuerpo utiliza para sintetizar las proteinas que necesita. Es un amino\u00e1cido esencial que ayuda a mejorar el sue\u00f1o y reducir el estr\u00e9s. Act\u00faa como un precursor de muchos neurotransmisores y neuroqu\u00edmicos, incluyendo la serotoninay la melatonina. El l\u00fapulo tiene una acci\u00f3n similar a la valeriana: tiene cualidades calmantes para tratar la ansiedad, los transtornos del sue\u00f1o y la inquietud. Es relajante y des-estresante y libera la tensi\u00f3n muscular. El 5-hidroxitript\u00f3fano (5-HTP) es el precursor directo de la serotonina. Este nutriente incrementa los niveles cerebrales de serotonina, para una funci\u00f3n normal de los nervios y el cerebro. El 5-HTP es beneficioso en casos de insomnio, mejorando especialmente la calidad del sue\u00f1o al incrementar el sue\u00f1o REM. Las vitaminas B son esenciales para el crecimiento y ayudan al cuerpo a descomponer y utilizar los alimentos, lo cual se denomina metabolismo.<\/p>\n<p>MODO DE EMPLEO:<\/p>\n<p>Tomar 2 c\u00e1psulas al d\u00eda, repartidas entre ma\u00f1ana y tarde<\/p>\n","protected":false},"excerpt":{"rendered":"<p>PRESENTACI\u00d3N Y COMPOSICI\u00d3N: Envase de 45 y 60 capsulas de 667,1mg. Ext. seco Grifonia, L-Tript\u00f3fano, Ext. seco L\u00fapulo, 5HTP puro, Vitamina B6, Vitamina B1, Vitamin B9, Vitamina B12, Di\u00f3xido de silicio, Estearato de magnesio. Capsula vegetal. La semillas de grifonia son ricas en L-5HTP (Hidroxitript\u00f3fano), precursor directo de la serotonina, la cual intervienen en el [&hellip;]<\/p>\n","protected":false},"featured_media":320,"comment_status":"open","ping_status":"closed","template":"","meta":[],"class_list":{"0":"post-81","1":"product","2":"type-product","3":"status-publish","4":"has-post-thumbnail","5":"hentry","6":"product_cat-complementos-alimenticios","7":"product_cat-productos","8":"product_tag-complementos-alimenticios","9":"product_tag-herbolario","11":"entry","12":"has-media","13":"owp-thumbs-layout-horizontal","14":"owp-btn-normal","15":"owp-tabs-layout-horizontal","16":"has-no-thumbnails","17":"has-product-nav"},"_links":{"self":[{"href":"https:\/\/serinar.es\/purificacion\/wp-json\/wp\/v2\/product\/81","targetHints":{"allow":["GET"]}}],"collection":[{"href":"https:\/\/serinar.es\/purificacion\/wp-json\/wp\/v2\/product"}],"about":[{"href":"https:\/\/serinar.es\/purificacion\/wp-json\/wp\/v2\/types\/product"}],"replies":[{"embeddable":true,"href":"https:\/\/serinar.es\/purificacion\/wp-json\/wp\/v2\/comments?post=81"}],"version-history":[{"count":2,"href":"https:\/\/serinar.es\/purificacion\/wp-json\/wp\/v2\/product\/81\/revisions"}],"predecessor-version":[{"id":1552,"href":"https:\/\/serinar.es\/purificacion\/wp-json\/wp\/v2\/product\/81\/revisions\/1552"}],"wp:featuredmedia":[{"embeddable":true,"href":"https:\/\/serinar.es\/purificacion\/wp-json\/wp\/v2\/media\/320"}],"wp:attachment":[{"href":"https:\/\/serinar.es\/purificacion\/wp-json\/wp\/v2\/media?parent=81"}],"curies":[{"name":"wp","href":"https:\/\/api.w.org\/{rel}","templated":true}]}}