{"id":82,"date":"2016-08-22T21:59:05","date_gmt":"2016-08-22T21:59:05","guid":{"rendered":"https:\/\/oceanwp.org\/simple\/product\/breitling-chronograph-watch\/"},"modified":"2021-02-28T01:20:19","modified_gmt":"2021-02-28T01:20:19","slug":"melatonina-complex","status":"publish","type":"product","link":"https:\/\/serinar.es\/purificacion\/producto\/melatonina-complex\/","title":{"rendered":"Melatonina Complex"},"content":{"rendered":"<div>\n<p>PRESENTACI\u00d3N Y COMPOSICI\u00d3N:<\/p>\n<\/div>\n<div>Envase de 60 c\u00e1psulas de 563mg.<\/div>\n<div>\n<p>L-Tript\u00f3fano, L\u00fapulo extracto, Amapola california extracto,\u00a0Melisa, Vitamina B6, Melatonina, Estearato de magnesio.<\/p>\n<\/div>\n<div>La melatonina es una hormona que se encuentra en forma natural en el cuerpo. Se ha comprobado que el uso de suplementos<\/div>\n<div>de melatonina puede evitar la aparici\u00f3n de ciertos trastornos del sue\u00f1o o facilitar su recuperaci\u00f3n. El tript\u00f3fano es un amino\u00e1cido<\/div>\n<div>esencial que \u00e1cido ayuda a combatir problemas del sue\u00f1o y ansiedad gracias a su creaci\u00f3n de serotonina. El l\u00fapulo tiene cualidades<\/div>\n<div>calmantes para tratar la ansiedad, los trastornos del sue\u00f1o y la inquietud, ya que es relajante y libera la tensi\u00f3n muscular.<\/div>\n<div>La amapola california mejora la calidad del sue\u00f1o, combate el estr\u00e9s, reduce el nerviosismo y tiene propiedades sedantes. La<\/div>\n<div>melisa es \u00fatil para combatir estados nerviosos o alteraciones del sue\u00f1o. La vitamina B6 interviene en la elaboraci\u00f3n de neurotransmisores<\/div>\n<div>y otras sustancias esenciales para el sistema nervioso que se encargan de regular los estados de \u00e1nimo, como la<\/div>\n<div>\n<p>serotonina.<\/p>\n<\/div>\n<div>\n<p>MODO DE EMPLEO:<\/p>\n<\/div>\n<div>\n<p>Tomar 1 c\u00e1psula al dia, media hora antes de acostarse.<\/p>\n<\/div>\n<div>\n<p>ADVERTENCIAS:<\/p>\n<\/div>\n<div>No se recomienda su uso durante el embarazo y la lactancia. No debe administrarse<\/div>\n<div>a ni\u00f1os.<\/div>\n","protected":false},"excerpt":{"rendered":"<p>PRESENTACI\u00d3N Y COMPOSICI\u00d3N: Envase de 60 c\u00e1psulas de 563mg. L-Tript\u00f3fano, L\u00fapulo extracto, Amapola california extracto,\u00a0Melisa, Vitamina B6, Melatonina, Estearato de magnesio. La melatonina es una hormona que se encuentra en forma natural en el cuerpo. Se ha comprobado que el uso de suplementos de melatonina puede evitar la aparici\u00f3n de ciertos trastornos del sue\u00f1o o [&hellip;]<\/p>\n","protected":false},"featured_media":319,"comment_status":"open","ping_status":"closed","template":"","meta":[],"class_list":{"0":"post-82","1":"product","2":"type-product","3":"status-publish","4":"has-post-thumbnail","5":"hentry","6":"product_cat-complementos-alimenticios","7":"product_cat-productos","8":"product_tag-complementos-alimenticios","9":"product_tag-herbolario","11":"entry","12":"has-media","13":"owp-thumbs-layout-horizontal","14":"owp-btn-normal","15":"owp-tabs-layout-horizontal","16":"has-no-thumbnails","17":"has-product-nav"},"_links":{"self":[{"href":"https:\/\/serinar.es\/purificacion\/wp-json\/wp\/v2\/product\/82","targetHints":{"allow":["GET"]}}],"collection":[{"href":"https:\/\/serinar.es\/purificacion\/wp-json\/wp\/v2\/product"}],"about":[{"href":"https:\/\/serinar.es\/purificacion\/wp-json\/wp\/v2\/types\/product"}],"replies":[{"embeddable":true,"href":"https:\/\/serinar.es\/purificacion\/wp-json\/wp\/v2\/comments?post=82"}],"version-history":[{"count":2,"href":"https:\/\/serinar.es\/purificacion\/wp-json\/wp\/v2\/product\/82\/revisions"}],"predecessor-version":[{"id":1551,"href":"https:\/\/serinar.es\/purificacion\/wp-json\/wp\/v2\/product\/82\/revisions\/1551"}],"wp:featuredmedia":[{"embeddable":true,"href":"https:\/\/serinar.es\/purificacion\/wp-json\/wp\/v2\/media\/319"}],"wp:attachment":[{"href":"https:\/\/serinar.es\/purificacion\/wp-json\/wp\/v2\/media?parent=82"}],"curies":[{"name":"wp","href":"https:\/\/api.w.org\/{rel}","templated":true}]}}