{"id":85,"date":"2016-08-22T22:03:25","date_gmt":"2016-08-22T22:03:25","guid":{"rendered":"https:\/\/oceanwp.org\/simple\/product\/superocean-heritage-watch\/"},"modified":"2021-02-21T12:15:56","modified_gmt":"2021-02-21T12:15:56","slug":"zeolita","status":"publish","type":"product","link":"https:\/\/serinar.es\/purificacion\/producto\/zeolita\/","title":{"rendered":"Zeolita &#8211; 100 caps"},"content":{"rendered":"<p><span id=\"ecxLos_beneficios_de_tomar_zeolita_Zeolita_propiedades\">Los beneficios de tomar zeolita; Zeolita propiedades<\/span><\/p>\n<p>B\u00e1sicamente esto es lo que se produce en nuestro organismo cuando tomamos la zeolita natural y estas son las\u00a0<strong>propiedades de la zeolita<\/strong>:<\/p>\n<ul>\n<li><strong>Desintoxicamos<\/strong>\u00a0el cuerpo de los metales pesados y las toxinas<\/li>\n<li>Reforzamos el sistema inmunol\u00f3gico y la salud en general<\/li>\n<li>Disminuimos en gran medida la cantidad de\u00a0<strong>radicales libres<\/strong><\/li>\n<li>Remineralizamos nuestro cuerpo<\/li>\n<li><strong>Reducimos el riesgo de padecer c\u00e1ncer<\/strong><\/li>\n<li>Conseguimos\u00a0<strong>equilibrar el pH<\/strong>\u00a0del cuerpo<\/li>\n<li>Obtenemos\u00a0<strong>mayor energ\u00eda<\/strong><\/li>\n<li>Mejora nuestro estado de \u00e1nimo<\/li>\n<li>Mejora la capacidad de nuestro cuerpo para absorber vitaminas y minerales<\/li>\n<li><strong>Reduce<\/strong>\u00a0los s\u00edntomas de las alergias<\/li>\n<li>Tiene propiedades anti-inflamatorias<\/li>\n<\/ul>\n<p>El mismo premio nobel\u00a0<strong><a href=\"http:\/\/curacancernatural.org\/el-fraude-de-la-medicina-tradicional-y-el-cancer-2\/\" target=\"_blank\" rel=\"noopener noreferrer\">Linus Pauling<\/a><\/strong>\u00a0dijo que el 90% de las enfermedades se pueden atribuir a un exceso de metales pesa .dos y otras sustancias pat\u00f3genas en la sangre as\u00ed como a una\u00a0<strong>deficiencia<\/strong>\u00a0de oligoelementos, vitaminas y minerales.<\/p>\n<p>Vivimos en un nido de sustancias contaminantes, en alimentaci\u00f3n, el agua y ahora m\u00e1s que nunca en el aire y por tanto pensamos sinceramente que es muy importante tomar conciencia de este tipo de\u00a0<strong>joyas curativas y naturales<\/strong>\u00a0que nos ofrece la naturaleza y que poca gente conoce por razones obvias. No puede interesar algo tan econ\u00f3mico y muy efectivo para curar y mantener un cuerpo limpio y sano.<\/p>\n<p>La\u00a0<strong>zeolita activada micronizada<\/strong>\u00a0contiene\u00a0<strong>\u00e1cido h\u00famico<\/strong>\u00a0haciendo que el cuerpo pueda absorber los minerales en las proporciones perfectas y con su carga i\u00f3nica apropiada y f\u00e1cil de asimilar por el intestino delgado.\u00a0<strong>Este \u00e1cido transporta la zeolita por todo el cuerpo haciendo que las c\u00e9lulas reciban una buena cantidad de este compuesto tan beneficioso y poni\u00e9ndolo directamente en el l\u00edquido extracelular<\/strong>.<\/p>\n","protected":false},"excerpt":{"rendered":"<p>Los beneficios de tomar zeolita; Zeolita propiedades B\u00e1sicamente esto es lo que se produce en nuestro organismo cuando tomamos la zeolita natural y estas son las\u00a0propiedades de la zeolita: Desintoxicamos\u00a0el cuerpo de los metales pesados y las toxinas Reforzamos el sistema inmunol\u00f3gico y la salud en general Disminuimos en gran medida la cantidad de\u00a0radicales libres [&hellip;]<\/p>\n","protected":false},"featured_media":313,"comment_status":"open","ping_status":"closed","template":"","meta":[],"class_list":{"0":"post-85","1":"product","2":"type-product","3":"status-publish","4":"has-post-thumbnail","5":"hentry","6":"product_cat-complementos-alimenticios","7":"product_cat-productos","8":"product_tag-complementos-alimenticios","9":"product_tag-herbolario","11":"entry","12":"has-media","13":"owp-thumbs-layout-horizontal","14":"owp-btn-normal","15":"owp-tabs-layout-horizontal","16":"has-no-thumbnails","17":"has-product-nav"},"_links":{"self":[{"href":"https:\/\/serinar.es\/purificacion\/wp-json\/wp\/v2\/product\/85","targetHints":{"allow":["GET"]}}],"collection":[{"href":"https:\/\/serinar.es\/purificacion\/wp-json\/wp\/v2\/product"}],"about":[{"href":"https:\/\/serinar.es\/purificacion\/wp-json\/wp\/v2\/types\/product"}],"replies":[{"embeddable":true,"href":"https:\/\/serinar.es\/purificacion\/wp-json\/wp\/v2\/comments?post=85"}],"version-history":[{"count":2,"href":"https:\/\/serinar.es\/purificacion\/wp-json\/wp\/v2\/product\/85\/revisions"}],"predecessor-version":[{"id":1408,"href":"https:\/\/serinar.es\/purificacion\/wp-json\/wp\/v2\/product\/85\/revisions\/1408"}],"wp:featuredmedia":[{"embeddable":true,"href":"https:\/\/serinar.es\/purificacion\/wp-json\/wp\/v2\/media\/313"}],"wp:attachment":[{"href":"https:\/\/serinar.es\/purificacion\/wp-json\/wp\/v2\/media?parent=85"}],"curies":[{"name":"wp","href":"https:\/\/api.w.org\/{rel}","templated":true}]}}